{"id":157,"date":"2022-02-24T03:39:49","date_gmt":"2022-02-24T00:39:49","guid":{"rendered":"https:\/\/indreamshop.com\/v2\/?post_type=product&#038;p=157"},"modified":"2022-03-03T06:35:12","modified_gmt":"2022-03-03T03:35:12","slug":"jeunesse-aydinlatici-vitamin-c-cilt-serumu","status":"publish","type":"product","link":"https:\/\/indreamshop.com\/v2\/urun\/jeunesse-aydinlatici-vitamin-c-cilt-serumu\/","title":{"rendered":"Jeunesse Ayd\u0131nlat\u0131c\u0131 Vitamin C Cilt Serumu"},"content":{"rendered":"<h3>Jeunesse Ayd\u0131nlat\u0131c\u0131 Vitamin C Cilt Serumu<\/h3>\n<p>Ayd\u0131nlat\u0131c\u0131 C vitamini Serumu,leke kar\u015f\u0131t\u0131 etkisi yan\u0131 s\u0131ra cildinizin parlak ve dayan\u0131kl\u0131 bir g\u00f6r\u00fcn\u00fcm kazanmas\u0131n\u0131 sa\u011flar.Cilt tonunu d\u00fczenler ve cildi ayd\u0131nlat\u0131r.C vitamininin antioksidan \u00f6zelli\u011fi sayesinde g\u00fcn boyunca cildin maruz kald\u0131\u011f\u0131 d\u0131\u015f etkenlere kar\u015f\u0131 korumaya yard\u0131mc\u0131 olur.Vitamin B3(Niasinamid) sayesinde cildin mat ve cans\u0131z g\u00f6r\u00fcn\u00fcm\u00fcn\u00fc yok eder , homojen bir cilt g\u00f6r\u00fcn\u00fcm\u00fcne ve ayd\u0131nl\u0131k bir tona kavu\u015fman\u0131za yard\u0131mc\u0131 olur.<\/p>\n<h4>Kullan\u0131m \u015eekli<\/h4>\n<p>G\u00fcnl\u00fck temizli\u011fin ard\u0131ndan y\u00fcz\u00fcn\u00fcze g\u00fcnde iki kez birka\u00e7 damla serumu emilene kadar uygulay\u0131n.Daha iyi sonu\u00e7 almak i\u00e7in 3 ay boyunca d\u00fczenli kullan\u0131m\u0131 \u00f6nerilmektedir. Tavsiyemiz \u00fcr\u00fcn\u00fc g\u00fcnd\u00fcz kullan\u0131mda SPF 50 g\u00fcne\u015f koruyucu krem ile kullanman\u0131z.<\/p>\n<h4>Uyar\u0131lar<\/h4>\n<p>Haricen kullan\u0131l\u0131r. Tahri\u015f olmu\u015f ciltte kullanmay\u0131n\u0131z. G\u00f6zle direkt temas\u0131ndan ka\u00e7\u0131n\u0131n\u0131z. Temas halinde bol suyla y\u0131kay\u0131n\u0131z. \u00c7ocuklar\u0131n ula\u015famayaca\u011f\u0131 bir yerde muhafaza ediniz.<\/p>\n<h4>\u0130\u00e7indekiler\/Ingredients<\/h4>\n<p>Aqua , 3-O-Ethyl Ascorbic Acid , Niacinamide , Panthenol , Pentylene Glycol , PEG-12 Dimethicone, Phenoxyethanol ,Hydroxyethylcellulose , Allantoin , Polysorbate 20 , Ethylhexylglycerin , Lactic Acid , Parfum , Tetrasodium EDTA<\/p>\n","protected":false},"excerpt":{"rendered":"<h3>Jeunesse Ayd\u0131nlat\u0131c\u0131 Vitamin C Cilt Serumu<\/h3>\n<p>Ayd\u0131nlat\u0131c\u0131 C vitamini Serumu,leke kar\u015f\u0131t\u0131 etkisi yan\u0131 s\u0131ra cildinizin parlak ve dayan\u0131kl\u0131 bir g\u00f6r\u00fcn\u00fcm sa\u011flar.<\/p>\n","protected":false},"featured_media":158,"comment_status":"open","ping_status":"closed","template":"","meta":{"_monsterinsights_skip_tracking":false,"_monsterinsights_sitenote_active":false,"_monsterinsights_sitenote_note":"","_monsterinsights_sitenote_category":0},"product_brand":[],"product_cat":[8,514,521],"product_tag":[518,516,519,520,517],"class_list":{"0":"post-157","1":"product","2":"type-product","3":"status-publish","4":"has-post-thumbnail","6":"product_cat-cilt-bakimi","7":"product_cat-cilt-serumu","8":"product_cat-indream","9":"product_tag-cilt-serumu","10":"product_tag-jeunesse","11":"product_tag-jeunesse-cilt-serumu","12":"product_tag-jeunesse-vitamin-c-cilt-serumu","13":"product_tag-vitamin-c-serum","15":"first","16":"instock","17":"sale","18":"shipping-taxable","19":"purchasable","20":"product-type-simple","21":"prodpage-style3"},"_links":{"self":[{"href":"https:\/\/indreamshop.com\/v2\/wp-json\/wp\/v2\/product\/157","targetHints":{"allow":["GET"]}}],"collection":[{"href":"https:\/\/indreamshop.com\/v2\/wp-json\/wp\/v2\/product"}],"about":[{"href":"https:\/\/indreamshop.com\/v2\/wp-json\/wp\/v2\/types\/product"}],"replies":[{"embeddable":true,"href":"https:\/\/indreamshop.com\/v2\/wp-json\/wp\/v2\/comments?post=157"}],"wp:featuredmedia":[{"embeddable":true,"href":"https:\/\/indreamshop.com\/v2\/wp-json\/wp\/v2\/media\/158"}],"wp:attachment":[{"href":"https:\/\/indreamshop.com\/v2\/wp-json\/wp\/v2\/media?parent=157"}],"wp:term":[{"taxonomy":"product_brand","embeddable":true,"href":"https:\/\/indreamshop.com\/v2\/wp-json\/wp\/v2\/product_brand?post=157"},{"taxonomy":"product_cat","embeddable":true,"href":"https:\/\/indreamshop.com\/v2\/wp-json\/wp\/v2\/product_cat?post=157"},{"taxonomy":"product_tag","embeddable":true,"href":"https:\/\/indreamshop.com\/v2\/wp-json\/wp\/v2\/product_tag?post=157"}],"curies":[{"name":"wp","href":"https:\/\/api.w.org\/{rel}","templated":true}]}}