{"id":182,"date":"2022-02-25T01:34:36","date_gmt":"2022-02-24T22:34:36","guid":{"rendered":"https:\/\/indreamshop.com\/v2\/?post_type=product&#038;p=182"},"modified":"2022-03-03T06:37:03","modified_gmt":"2022-03-03T03:37:03","slug":"fd-plantix-silver-sampuan","status":"publish","type":"product","link":"https:\/\/indreamshop.com\/v2\/urun\/fd-plantix-silver-sampuan\/","title":{"rendered":"F&#038;D Plantix Silver Tuzsuz \u015eampuan 500 ml"},"content":{"rendered":"<h3>F&amp;D Plantix K\u0131na &amp; Yaban mersini &amp; Keratin Tuzsuz Silver \u015eampuan 500 ml<\/h3>\n<p>\u0130\u00e7eri\u011findeki k\u0131na, yaban mersini ve bitkisel keratin kompleksi ile sa\u00e7lar\u0131n\u0131za hacim vererek g\u00fc\u00e7lenmesine katk\u0131da bulunur. Sa\u00e7lar\u0131n\u0131z\u0131n daha sa\u011fl\u0131kl\u0131 ve parlak g\u00f6r\u00fcnmesini sa\u011flar. Beyaz, gri ve sar\u0131 renkte sa\u00e7 tipleri i\u00e7in idealdir. K\u0131na Ekstrakt\u0131: Sa\u00e7a zarar vermeden sa\u00e7\u0131 renklendirerek do\u011fal sa\u00e7 rengini korur. Yaban Mersini Ekstrakt\u0131: Sa\u00e7\u0131 besleyerek sa\u00e7\u0131n do\u011fal rengini g\u00fc\u00e7lendirir. Bitkisel Keratin(Phytokeratin): Bitkisel bir keratin t\u00fcrevidir. M\u0131s\u0131r, bu\u011fday ve soya amino asitlerinin hayvansal keratin amino asitleri ile ayn\u0131 oranlarda bir araya getirilmesi ile elde edilir. Sa\u00e7\u0131n kaybetti\u011fi aminoasitleri sa\u00e7a geri kazand\u0131rarak sa\u00e7\u0131 nemlendirir, besler ve g\u00fc\u00e7lendirir. Sa\u00e7a hacim ve parlakl\u0131k kazand\u0131r\u0131r.<\/p>\n<h4>Kullan\u0131m\u0131<\/h4>\n<p>Sa\u00e7lar\u0131n\u0131z\u0131 \u0131slat\u0131n\u0131z. Yeterli miktarda avucunuza d\u00f6k\u00fcp k\u00f6p\u00fcrterek sa\u00e7\u0131n\u0131za uygulay\u0131n\u0131z. Ard\u0131ndan iyice durulay\u0131n\u0131z. \u0130htiya\u00e7 duydu\u011funuzda tekrarlay\u0131n\u0131z.<\/p>\n","protected":false},"excerpt":{"rendered":"<h3>F&amp;D Plantix Silver Tuzsuz \u015eampuan<\/h3>\n<p>\u0130\u00e7eri\u011findeki k\u0131na, yaban mersini ve bitkisel keratin kompleksi ile sa\u00e7lar\u0131n\u0131za hacim vererek g\u00fc\u00e7lenmesine katk\u0131da bulunur.<\/p>\n","protected":false},"featured_media":183,"comment_status":"open","ping_status":"closed","template":"","meta":{"_monsterinsights_skip_tracking":false,"_monsterinsights_sitenote_active":false,"_monsterinsights_sitenote_note":"","_monsterinsights_sitenote_category":0},"product_brand":[],"product_cat":[521,9],"product_tag":[535,537,543,542,536,576,539,541],"class_list":{"0":"post-182","1":"product","2":"type-product","3":"status-publish","4":"has-post-thumbnail","6":"product_cat-indream","7":"product_cat-sac-bakimi","8":"product_tag-fd-plantix","9":"product_tag-fd-plantix-sampuan","10":"product_tag-keratin-sampuan","11":"product_tag-kina-ozlu-sampuan","12":"product_tag-sampuan","13":"product_tag-silver-sampuan","14":"product_tag-tuzsuz-sampuan","15":"product_tag-yaban-mersinli-sampuan","17":"first","18":"instock","19":"sale","20":"shipping-taxable","21":"purchasable","22":"product-type-simple","23":"prodpage-style3"},"_links":{"self":[{"href":"https:\/\/indreamshop.com\/v2\/wp-json\/wp\/v2\/product\/182","targetHints":{"allow":["GET"]}}],"collection":[{"href":"https:\/\/indreamshop.com\/v2\/wp-json\/wp\/v2\/product"}],"about":[{"href":"https:\/\/indreamshop.com\/v2\/wp-json\/wp\/v2\/types\/product"}],"replies":[{"embeddable":true,"href":"https:\/\/indreamshop.com\/v2\/wp-json\/wp\/v2\/comments?post=182"}],"wp:featuredmedia":[{"embeddable":true,"href":"https:\/\/indreamshop.com\/v2\/wp-json\/wp\/v2\/media\/183"}],"wp:attachment":[{"href":"https:\/\/indreamshop.com\/v2\/wp-json\/wp\/v2\/media?parent=182"}],"wp:term":[{"taxonomy":"product_brand","embeddable":true,"href":"https:\/\/indreamshop.com\/v2\/wp-json\/wp\/v2\/product_brand?post=182"},{"taxonomy":"product_cat","embeddable":true,"href":"https:\/\/indreamshop.com\/v2\/wp-json\/wp\/v2\/product_cat?post=182"},{"taxonomy":"product_tag","embeddable":true,"href":"https:\/\/indreamshop.com\/v2\/wp-json\/wp\/v2\/product_tag?post=182"}],"curies":[{"name":"wp","href":"https:\/\/api.w.org\/{rel}","templated":true}]}}